{"id":150,"date":"2025-05-29T15:45:12","date_gmt":"2025-05-29T15:45:12","guid":{"rendered":"https:\/\/lacasaesperanz.wpenginepowered.com\/?page_id=150"},"modified":"2025-08-22T21:45:50","modified_gmt":"2025-08-22T21:45:50","slug":"programs-services","status":"publish","type":"page","link":"https:\/\/www.lacasadeesperanza.org\/es\/programs-services\/","title":{"rendered":"Programas y servicios"},"content":{"rendered":"<div data-elementor-type=\"wp-page\" data-elementor-id=\"150\" class=\"elementor elementor-150\" data-elementor-post-type=\"page\">\n\t\t\t\t<div class=\"elementor-element elementor-element-feb5873 e-flex e-con-boxed e-con e-parent\" data-id=\"feb5873\" data-element_type=\"container\" data-e-type=\"container\" data-settings=\"{&quot;background_background&quot;:&quot;gradient&quot;}\">\n\t\t\t\t\t<div class=\"e-con-inner\">\n\t\t\t\t<div class=\"elementor-element elementor-element-98b1839 elementor--h-position-center elementor--v-position-middle elementor-arrows-position-inside elementor-pagination-position-inside elementor-widget elementor-widget-slides\" data-id=\"98b1839\" data-element_type=\"widget\" data-e-type=\"widget\" data-settings=\"{&quot;navigation&quot;:&quot;both&quot;,&quot;autoplay&quot;:&quot;yes&quot;,&quot;pause_on_hover&quot;:&quot;yes&quot;,&quot;pause_on_interaction&quot;:&quot;yes&quot;,&quot;autoplay_speed&quot;:5000,&quot;infinite&quot;:&quot;yes&quot;,&quot;transition&quot;:&quot;slide&quot;,&quot;transition_speed&quot;:500}\" data-widget_type=\"slides.default\">\n\t\t\t\t\t\t\t\t\t\t<div class=\"elementor-slides-wrapper elementor-main-swiper swiper\" role=\"region\" aria-roledescription=\"carousel\" aria-label=\"Diapositives\" dir=\"ltr\" data-animation=\"fadeInUp\">\n\t\t\t\t<div class=\"swiper-wrapper elementor-slides\">\n\t\t\t\t\t\t\t\t\t\t<div class=\"elementor-repeater-item-80b9a72 swiper-slide\" role=\"group\" aria-roledescription=\"slide\"><div class=\"swiper-slide-bg\" role=\"img\" aria-label=\"Charter-School-Building-scaled\"><\/div><div class=\"elementor-background-overlay\"><\/div><a class=\"swiper-slide-inner\" href=\"\/es\/donate\/\"><div class=\"swiper-slide-contents\"><div class=\"elementor-slide-heading\">Programs & Services<\/div><div class=\"elementor-slide-description\">La Casa de Esperanza offers a diverse range of programs and services to support people of all ages, including early education, low-income housing, tax and homebuyer assistance, and more. <\/div><div  class=\"elementor-button elementor-slide-button elementor-size-sm\">Donar<\/div><\/div><\/a><\/div><div class=\"elementor-repeater-item-bcbd258 swiper-slide\" role=\"group\" aria-roledescription=\"slide\"><div class=\"swiper-slide-bg\" role=\"img\" aria-label=\"4\"><\/div><div class=\"elementor-background-overlay\"><\/div><a class=\"swiper-slide-inner\" href=\"\/es\/programs-services\/early-childhood-education\/\"><div class=\"swiper-slide-contents\"><div class=\"elementor-slide-heading\">Educaci\u00f3n preescolar<\/div><div class=\"elementor-slide-description\">El Programa de Educaci\u00f3n Infantil de La Casa de Esperanza ofrece educaci\u00f3n infantil y cuidado de ni\u00f1os de alta calidad para ni\u00f1os de entre seis semanas y cuatro a\u00f1os de edad.\u00a0<\/div><div  class=\"elementor-button elementor-slide-button elementor-size-sm\">More<\/div><\/div><\/a><\/div><div class=\"elementor-repeater-item-bdeb58e swiper-slide\" role=\"group\" aria-roledescription=\"slide\"><div class=\"swiper-slide-bg\" role=\"img\" aria-label=\"5\"><\/div><div class=\"elementor-background-overlay\"><\/div><a class=\"swiper-slide-inner\" href=\"\/es\/programs-services\/charter-school\/\"><div class=\"swiper-slide-contents\"><div class=\"elementor-slide-heading\">Escuela aut\u00f3noma<\/div><div class=\"elementor-slide-description\">La Escuela Aut\u00f3noma La Casa de Esperanza es la primera escuela aut\u00f3noma independiente del condado de Waukesha. Fundada en 2015, esta escuela de servicio completo ofrece un horario escolar ampliado, un plan de estudios riguroso y programas biling\u00fces, adem\u00e1s de programas monoling\u00fces.\u00a0<\/div><div  class=\"elementor-button elementor-slide-button elementor-size-sm\">More<\/div><\/div><\/a><\/div><div class=\"elementor-repeater-item-a0b9d14 swiper-slide\" role=\"group\" aria-roledescription=\"slide\"><div class=\"swiper-slide-bg\" role=\"img\" aria-label=\"IMG_0915\"><\/div><div class=\"elementor-background-overlay\"><\/div><a class=\"swiper-slide-inner\" href=\"\/es\/programs-services\/center-for-financial-stability\/\"><div class=\"swiper-slide-contents\"><div class=\"elementor-slide-heading\">Centro para la Estabilidad Financiera<\/div><div class=\"elementor-slide-description\">At the Center for Financial Stability, La Casa offers financial literacy & coaching, first time homebuyer assistance, Volunteer Income Tax Assistance (VITA), and employment assistance geard toward individuals seeking economic self-sufficiency.<\/div><div  class=\"elementor-button elementor-slide-button elementor-size-sm\">More<\/div><\/div><\/a><\/div><div class=\"elementor-repeater-item-a2da1b7 swiper-slide\" role=\"group\" aria-roledescription=\"slide\"><div class=\"swiper-slide-bg\" role=\"img\" aria-label=\"IMG_2654\"><\/div><div class=\"elementor-background-overlay\"><\/div><a class=\"swiper-slide-inner\" href=\"\/es\/programs-services\/weatherization\/\"><div class=\"swiper-slide-contents\"><div class=\"elementor-slide-heading\">Climatizaci\u00f3n<\/div><div class=\"elementor-slide-description\">El Programa de Climatizaci\u00f3n de La Casa de Esperanza ayuda a identificar el desperdicio de energ\u00eda y ofrece medidas rentables de ahorro energ\u00e9tico y educaci\u00f3n. La climatizaci\u00f3n est\u00e1 disponible sin costo alguno para propietarios e inquilinos de bajos ingresos en los condados de Jefferson, Waukesha y Milwaukee.<\/div><div  class=\"elementor-button elementor-slide-button elementor-size-sm\">More<\/div><\/div><\/a><\/div><div class=\"elementor-repeater-item-0fdf0ad swiper-slide\" role=\"group\" aria-roledescription=\"slide\"><div class=\"swiper-slide-bg\" role=\"img\" aria-label=\"IMG_6886\"><\/div><div class=\"elementor-background-overlay\"><\/div><a class=\"swiper-slide-inner\" href=\"\/es\/programs-services\/la-casa-village-1-and-2\/\"><div class=\"swiper-slide-contents\"><div class=\"elementor-slide-heading\">La Casa Village I & II<\/div><div class=\"elementor-slide-description\">La Casa Village I y II conforman el programa de vivienda de La Casa de Esperanza. Estos complejos residenciales ofrecen apartamentos privados y asequibles para personas mayores con bajos ingresos y personas con discapacidad y movilidad reducida.<\/div><div  class=\"elementor-button elementor-slide-button elementor-size-sm\">More<\/div><\/div><\/a><\/div>\t\t\t\t<\/div>\n\t\t\t\t\t\t\t\t\t\t\t\t\t\t\t<div class=\"elementor-swiper-button elementor-swiper-button-prev\" role=\"button\" tabindex=\"0\" aria-label=\"Previous slide\">\n\t\t\t\t\t\t\t<svg aria-hidden=\"true\" class=\"e-font-icon-svg e-eicon-chevron-left\" viewbox=\"0 0 1000 1000\" xmlns=\"http:\/\/www.w3.org\/2000\/svg\"><path d=\"M646 125C629 125 613 133 604 142L308 442C296 454 292 471 292 487 292 504 296 521 308 533L604 854C617 867 629 875 646 875 663 875 679 871 692 858 704 846 713 829 713 812 713 796 708 779 692 767L438 487 692 225C700 217 708 204 708 187 708 171 704 154 692 142 675 129 663 125 646 125Z\"><\/path><\/svg>\t\t\t\t\t\t<\/div>\n\t\t\t\t\t\t<div class=\"elementor-swiper-button elementor-swiper-button-next\" role=\"button\" tabindex=\"0\" aria-label=\"Next slide\">\n\t\t\t\t\t\t\t<svg aria-hidden=\"true\" class=\"e-font-icon-svg e-eicon-chevron-right\" viewbox=\"0 0 1000 1000\" xmlns=\"http:\/\/www.w3.org\/2000\/svg\"><path d=\"M696 533C708 521 713 504 713 487 713 471 708 454 696 446L400 146C388 133 375 125 354 125 338 125 325 129 313 142 300 154 292 171 292 187 292 204 296 221 308 233L563 492 304 771C292 783 288 800 288 817 288 833 296 850 308 863 321 871 338 875 354 875 371 875 388 867 400 854L696 533Z\"><\/path><\/svg>\t\t\t\t\t\t<\/div>\n\t\t\t\t\t\t\t\t\t\t\t\t\t\t\t\t<div class=\"swiper-pagination\"><\/div>\n\t\t\t\t\t\t\t\t\t\t\t\t<\/div>\n\t\t\t\t\t\t\t\t<\/div>\n\t\t\t\t\t<\/div>\n\t\t\t\t<\/div>\n\t\t<div class=\"elementor-element elementor-element-39afd09 e-flex e-con-boxed e-con e-parent\" data-id=\"39afd09\" data-element_type=\"container\" data-e-type=\"container\">\n\t\t\t\t\t<div class=\"e-con-inner\">\n\t\t<div class=\"elementor-element elementor-element-908b8d2 e-con-full e-flex e-con e-child\" data-id=\"908b8d2\" data-element_type=\"container\" data-e-type=\"container\">\n\t\t\t\t<div class=\"elementor-element elementor-element-ccb4e1b elementor-widget elementor-widget-image\" data-id=\"ccb4e1b\" data-element_type=\"widget\" data-e-type=\"widget\" data-widget_type=\"image.default\">\n\t\t\t\t\t\t\t\t\t\t\t\t\t\t\t<img decoding=\"async\" src=\"https:\/\/www.lacasadeesperanza.org\/wp-content\/uploads\/elementor\/thumbs\/4-rdx1szs8k7854z1jwoz2cem3kcp5y2fe0araoxinrk.jpg\" title=\"4\" alt=\"4\" loading=\"lazy\" \/>\t\t\t\t\t\t\t\t\t\t\t\t\t\t\t<\/div>\n\t\t\t\t<div class=\"elementor-element elementor-element-2efdc14 elementor-widget elementor-widget-heading\" data-id=\"2efdc14\" data-element_type=\"widget\" data-e-type=\"widget\" data-widget_type=\"heading.default\">\n\t\t\t\t\t<span class=\"elementor-heading-title elementor-size-default\"><a href=\"\/es\/programs-services\/early-childhood-education\/\">Educaci\u00f3n preescolar<\/a><\/span>\t\t\t\t<\/div>\n\t\t\t\t<div class=\"elementor-element elementor-element-a2ca271 elementor-widget elementor-widget-text-editor\" data-id=\"a2ca271\" data-element_type=\"widget\" data-e-type=\"widget\" data-widget_type=\"text-editor.default\">\n\t\t\t\t\t\t\t\t\t<p><strong>Maria Carrillo:<\/strong><br \/>262-832-1512<strong><br \/><\/strong>mcarrillo@lacasadeesperanza.org<\/p>\t\t\t\t\t\t\t\t<\/div>\n\t\t\t\t<\/div>\n\t\t<div class=\"elementor-element elementor-element-65444b9 e-con-full e-flex e-con e-child\" data-id=\"65444b9\" data-element_type=\"container\" data-e-type=\"container\">\n\t\t\t\t<div class=\"elementor-element elementor-element-28f3581 elementor-widget elementor-widget-image\" data-id=\"28f3581\" data-element_type=\"widget\" data-e-type=\"widget\" data-widget_type=\"image.default\">\n\t\t\t\t\t\t\t\t\t\t\t\t\t\t\t<img decoding=\"async\" src=\"https:\/\/www.lacasadeesperanza.org\/wp-content\/uploads\/elementor\/thumbs\/Charter-School-Building-scaled-1-rdx1syuedd6utd2x26kfrwumyytsqdbno63t7nk1xs.jpg\" title=\"Charter-School-Building-scaled\" alt=\"Charter-School-Building-scaled\" loading=\"lazy\" \/>\t\t\t\t\t\t\t\t\t\t\t\t\t\t\t<\/div>\n\t\t\t\t<div class=\"elementor-element elementor-element-6c1bd44 elementor-widget elementor-widget-heading\" data-id=\"6c1bd44\" data-element_type=\"widget\" data-e-type=\"widget\" data-widget_type=\"heading.default\">\n\t\t\t\t\t<span class=\"elementor-heading-title elementor-size-default\"><a href=\"\/es\/programs-services\/charter-school\/\">Escuela aut\u00f3noma<\/a><\/span>\t\t\t\t<\/div>\n\t\t\t\t<div class=\"elementor-element elementor-element-03cc168 elementor-widget elementor-widget-text-editor\" data-id=\"03cc168\" data-element_type=\"widget\" data-e-type=\"widget\" data-widget_type=\"text-editor.default\">\n\t\t\t\t\t\t\t\t\t<p><strong>Beronica Acosta:<\/strong><br \/>262-446-9907<strong><br \/><\/strong>bacosta@lacasadeesperanza.org<\/p>\t\t\t\t\t\t\t\t<\/div>\n\t\t\t\t<\/div>\n\t\t<div class=\"elementor-element elementor-element-b6e82c6 e-con-full e-flex e-con e-child\" data-id=\"b6e82c6\" data-element_type=\"container\" data-e-type=\"container\">\n\t\t\t\t<div class=\"elementor-element elementor-element-fef7179 elementor-widget elementor-widget-image\" data-id=\"fef7179\" data-element_type=\"widget\" data-e-type=\"widget\" data-widget_type=\"image.default\">\n\t\t\t\t\t\t\t\t\t\t\t\t\t\t\t<img decoding=\"async\" src=\"https:\/\/www.lacasadeesperanza.org\/wp-content\/uploads\/elementor\/thumbs\/Building-rdx1syuedd6utd2x26kfrwumyytsqdbno63t7nk1xs.jpg\" title=\"Building\" alt=\"Building\" loading=\"lazy\" \/>\t\t\t\t\t\t\t\t\t\t\t\t\t\t\t<\/div>\n\t\t\t\t<div class=\"elementor-element elementor-element-59edd42 elementor-widget elementor-widget-heading\" data-id=\"59edd42\" data-element_type=\"widget\" data-e-type=\"widget\" data-widget_type=\"heading.default\">\n\t\t\t\t\t<span class=\"elementor-heading-title elementor-size-default\"><a href=\"\/es\/programs-services\/center-for-financial-stability\/\">Centro para la Estabilidad Financiera<\/a><\/span>\t\t\t\t<\/div>\n\t\t\t\t<div class=\"elementor-element elementor-element-a6aa2c0 elementor-widget elementor-widget-text-editor\" data-id=\"a6aa2c0\" data-element_type=\"widget\" data-e-type=\"widget\" data-widget_type=\"text-editor.default\">\n\t\t\t\t\t\t\t\t\t<p><strong>Gina Sanchez:<\/strong><br \/>262-899-6795<strong><br \/><\/strong>gsanchez@lacasadeesperanza.org<\/p>\t\t\t\t\t\t\t\t<\/div>\n\t\t\t\t<\/div>\n\t\t\t\t\t<\/div>\n\t\t\t\t<\/div>\n\t\t<div class=\"elementor-element elementor-element-45f7cb6 e-flex e-con-boxed e-con e-parent\" data-id=\"45f7cb6\" data-element_type=\"container\" data-e-type=\"container\">\n\t\t\t\t\t<div class=\"e-con-inner\">\n\t\t<div class=\"elementor-element elementor-element-cfd5e1b e-con-full e-flex e-con e-child\" data-id=\"cfd5e1b\" data-element_type=\"container\" data-e-type=\"container\">\n\t\t\t\t<\/div>\n\t\t<div class=\"elementor-element elementor-element-f90bebd e-con-full e-flex e-con e-child\" data-id=\"f90bebd\" data-element_type=\"container\" data-e-type=\"container\">\n\t\t\t\t<div class=\"elementor-element elementor-element-a2ac4a3 elementor-widget elementor-widget-image\" data-id=\"a2ac4a3\" data-element_type=\"widget\" data-e-type=\"widget\" data-widget_type=\"image.default\">\n\t\t\t\t\t\t\t\t\t\t\t\t\t\t\t<img decoding=\"async\" src=\"https:\/\/www.lacasadeesperanza.org\/wp-content\/uploads\/elementor\/thumbs\/2-2048x1365-1-rdx1szs8k7854z1jwoz2cem3kcp5y2fe0araoxinrk.jpg\" title=\"2-2048&#215;1365\" alt=\"2-2048x1365\" loading=\"lazy\" \/>\t\t\t\t\t\t\t\t\t\t\t\t\t\t\t<\/div>\n\t\t\t\t<div class=\"elementor-element elementor-element-d5b4831 elementor-widget elementor-widget-heading\" data-id=\"d5b4831\" data-element_type=\"widget\" data-e-type=\"widget\" data-widget_type=\"heading.default\">\n\t\t\t\t\t<span class=\"elementor-heading-title elementor-size-default\"><a href=\"\/es\/programs-services\/weatherization\/\">Climatizaci\u00f3n<\/a><\/span>\t\t\t\t<\/div>\n\t\t\t\t<div class=\"elementor-element elementor-element-db8c3f5 elementor-widget elementor-widget-text-editor\" data-id=\"db8c3f5\" data-element_type=\"widget\" data-e-type=\"widget\" data-widget_type=\"text-editor.default\">\n\t\t\t\t\t\t\t\t\t<p><strong>Patrick Larkin:<\/strong><br \/>262-832-1546<strong><br \/><\/strong>plarkin@lacasadeesperanza.org<\/p>\t\t\t\t\t\t\t\t<\/div>\n\t\t\t\t<\/div>\n\t\t<div class=\"elementor-element elementor-element-d81b65a e-con-full e-flex e-con e-child\" data-id=\"d81b65a\" data-element_type=\"container\" data-e-type=\"container\">\n\t\t\t\t<div class=\"elementor-element elementor-element-4438668 elementor-widget elementor-widget-image\" data-id=\"4438668\" data-element_type=\"widget\" data-e-type=\"widget\" data-widget_type=\"image.default\">\n\t\t\t\t\t\t\t\t\t\t\t\t\t\t\t<img decoding=\"async\" src=\"https:\/\/www.lacasadeesperanza.org\/wp-content\/uploads\/elementor\/thumbs\/Village-2.1-rdx1swypzp4a655nd5r6mxbps732az46zwsu93mua8.jpg\" title=\"Village-2.1\" alt=\"Village-2.1\" loading=\"lazy\" \/>\t\t\t\t\t\t\t\t\t\t\t\t\t\t\t<\/div>\n\t\t\t\t<div class=\"elementor-element elementor-element-b1112a5 elementor-widget elementor-widget-heading\" data-id=\"b1112a5\" data-element_type=\"widget\" data-e-type=\"widget\" data-widget_type=\"heading.default\">\n\t\t\t\t\t<span class=\"elementor-heading-title elementor-size-default\"><a href=\"\/es\/programs-services\/la-casa-village-1-and-2\/\">La Casa Village I y II<\/a><\/span>\t\t\t\t<\/div>\n\t\t\t\t<div class=\"elementor-element elementor-element-a5e3d2a elementor-widget elementor-widget-text-editor\" data-id=\"a5e3d2a\" data-element_type=\"widget\" data-e-type=\"widget\" data-widget_type=\"text-editor.default\">\n\t\t\t\t\t\t\t\t\t<p><strong>Cindy Retzack:<\/strong><br \/>262-832-1551<strong><br \/><\/strong>lcv@lacasadeesperanza.org<\/p>\t\t\t\t\t\t\t\t<\/div>\n\t\t\t\t<\/div>\n\t\t<div class=\"elementor-element elementor-element-5ae00b3 e-con-full e-flex e-con e-child\" data-id=\"5ae00b3\" data-element_type=\"container\" data-e-type=\"container\">\n\t\t\t\t<\/div>\n\t\t\t\t\t<\/div>\n\t\t\t\t<\/div>\n\t\t\t\t<\/div>","protected":false},"excerpt":{"rendered":"<p>Programs &#038; ServicesLa Casa de Esperanza offers a diverse range of programs and services to support people of all ages, including early education, low-income housing, tax and homebuyer assistance, and more. DonateEarly Childhood EducationThe Early Childhood Education Program at La Casa de Esperanza provides high-quality early childhood education and childcare for children, ranging in age [&hellip;]<\/p>","protected":false},"author":1,"featured_media":0,"parent":0,"menu_order":0,"comment_status":"closed","ping_status":"closed","template":"","meta":{"footnotes":""},"class_list":["post-150","page","type-page","status-publish","hentry"],"_links":{"self":[{"href":"https:\/\/www.lacasadeesperanza.org\/es\/wp-json\/wp\/v2\/pages\/150","targetHints":{"allow":["GET"]}}],"collection":[{"href":"https:\/\/www.lacasadeesperanza.org\/es\/wp-json\/wp\/v2\/pages"}],"about":[{"href":"https:\/\/www.lacasadeesperanza.org\/es\/wp-json\/wp\/v2\/types\/page"}],"author":[{"embeddable":true,"href":"https:\/\/www.lacasadeesperanza.org\/es\/wp-json\/wp\/v2\/users\/1"}],"replies":[{"embeddable":true,"href":"https:\/\/www.lacasadeesperanza.org\/es\/wp-json\/wp\/v2\/comments?post=150"}],"version-history":[{"count":0,"href":"https:\/\/www.lacasadeesperanza.org\/es\/wp-json\/wp\/v2\/pages\/150\/revisions"}],"wp:attachment":[{"href":"https:\/\/www.lacasadeesperanza.org\/es\/wp-json\/wp\/v2\/media?parent=150"}],"curies":[{"name":"wp","href":"https:\/\/api.w.org\/{rel}","templated":true}]}}