{"id":120,"date":"2025-05-29T15:31:06","date_gmt":"2025-05-29T15:31:06","guid":{"rendered":"https:\/\/lacasaesperanz.wpenginepowered.com\/?page_id=120"},"modified":"2026-01-13T19:11:15","modified_gmt":"2026-01-13T19:11:15","slug":"about-us","status":"publish","type":"page","link":"https:\/\/www.lacasadeesperanza.org\/es\/about-us\/","title":{"rendered":"Qui\u00e9nes somos"},"content":{"rendered":"<div data-elementor-type=\"wp-page\" data-elementor-id=\"120\" class=\"elementor elementor-120\" data-elementor-post-type=\"page\">\n\t\t\t\t<div class=\"elementor-element elementor-element-ad16c58 e-flex e-con-boxed e-con e-parent\" data-id=\"ad16c58\" data-element_type=\"container\" data-e-type=\"container\" data-settings=\"{&quot;background_background&quot;:&quot;classic&quot;}\">\n\t\t\t\t\t<div class=\"e-con-inner\">\n\t\t\t\t<div class=\"elementor-element elementor-element-ee9f337 elementor-widget elementor-widget-heading\" data-id=\"ee9f337\" data-element_type=\"widget\" data-e-type=\"widget\" data-widget_type=\"heading.default\">\n\t\t\t\t\t<h1 class=\"elementor-heading-title elementor-size-default\">Acerca de nosotros<\/h1>\t\t\t\t<\/div>\n\t\t\t\t<div class=\"elementor-element elementor-element-c88a6d1 elementor-widget__width-initial elementor-widget elementor-widget-text-editor\" data-id=\"c88a6d1\" data-element_type=\"widget\" data-e-type=\"widget\" data-widget_type=\"text-editor.default\">\n\t\t\t\t\t\t\t\t\t<p>Conozca m\u00e1s sobre la historia, la misi\u00f3n y la visi\u00f3n de La Casa de Esperanza.<\/p>\t\t\t\t\t\t\t\t<\/div>\n\t\t\t\t\t<\/div>\n\t\t\t\t<\/div>\n\t\t<div class=\"elementor-element elementor-element-30b09b0 e-flex e-con-boxed e-con e-parent\" data-id=\"30b09b0\" data-element_type=\"container\" data-e-type=\"container\">\n\t\t\t\t\t<div class=\"e-con-inner\">\n\t\t<div class=\"elementor-element elementor-element-6a75fe1 e-con-full e-flex e-con e-child\" data-id=\"6a75fe1\" data-element_type=\"container\" data-e-type=\"container\">\n\t\t<div class=\"elementor-element elementor-element-386b2d7 e-con-full e-flex e-con e-child\" data-id=\"386b2d7\" data-element_type=\"container\" data-e-type=\"container\">\n\t\t\t\t<div class=\"elementor-element elementor-element-6683922 elementor-widget elementor-widget-image\" data-id=\"6683922\" data-element_type=\"widget\" data-e-type=\"widget\" data-widget_type=\"image.default\">\n\t\t\t\t\t\t\t\t\t\t\t\t\t\t\t<img fetchpriority=\"high\" decoding=\"async\" width=\"1024\" height=\"683\" src=\"https:\/\/www.lacasadeesperanza.org\/wp-content\/uploads\/2025\/05\/Charter-School-Building-scaled-1-1024x683.jpg\" class=\"attachment-large size-large wp-image-44\" alt=\"\" srcset=\"https:\/\/www.lacasadeesperanza.org\/wp-content\/uploads\/2025\/05\/Charter-School-Building-scaled-1-1024x683.jpg 1024w, https:\/\/www.lacasadeesperanza.org\/wp-content\/uploads\/2025\/05\/Charter-School-Building-scaled-1-300x200.jpg 300w, https:\/\/www.lacasadeesperanza.org\/wp-content\/uploads\/2025\/05\/Charter-School-Building-scaled-1-768x512.jpg 768w, https:\/\/www.lacasadeesperanza.org\/wp-content\/uploads\/2025\/05\/Charter-School-Building-scaled-1-1536x1024.jpg 1536w, https:\/\/www.lacasadeesperanza.org\/wp-content\/uploads\/2025\/05\/Charter-School-Building-scaled-1-2048x1366.jpg 2048w\" sizes=\"(max-width: 1024px) 100vw, 1024px\" \/>\t\t\t\t\t\t\t\t\t\t\t\t\t\t\t<\/div>\n\t\t\t\t<\/div>\n\t\t<div class=\"elementor-element elementor-element-82bd28e e-con-full e-flex e-con e-child\" data-id=\"82bd28e\" data-element_type=\"container\" data-e-type=\"container\">\n\t\t\t\t<div class=\"elementor-element elementor-element-8e9cfca elementor-widget elementor-widget-heading\" data-id=\"8e9cfca\" data-element_type=\"widget\" data-e-type=\"widget\" data-widget_type=\"heading.default\">\n\t\t\t\t\t<h2 class=\"elementor-heading-title elementor-size-default\">Qui\u00e9nes somos<\/h2>\t\t\t\t<\/div>\n\t\t\t\t<div class=\"elementor-element elementor-element-1cef818 elementor-widget elementor-widget-text-editor\" data-id=\"1cef818\" data-element_type=\"widget\" data-e-type=\"widget\" data-widget_type=\"text-editor.default\">\n\t\t\t\t\t\t\t\t\t<div class=\"wp-block-group has-global-padding is-layout-constrained wp-container-core-group-is-layout-4b99461e wp-block-group-is-layout-constrained\"><div class=\"wp-block-group alignfull has-secondary-background-color has-background has-global-padding is-layout-constrained wp-container-core-group-is-layout-31c668df wp-block-group-is-layout-constrained\"><div class=\"wp-block-group alignfull has-global-padding is-layout-constrained wp-container-core-group-is-layout-9bb21028 wp-block-group-is-layout-constrained\"><div class=\"wp-block-columns alignwide is-layout-flex wp-container-core-columns-is-layout-28f84493 wp-block-columns-is-layout-flex\"><div class=\"wp-block-column is-layout-flow wp-block-column-is-layout-flow\"><p>La Casa de Esperanza es una organizaci\u00f3n comunitaria comprometida con brindar oportunidades sociales y econ\u00f3micas a nuestra poblaci\u00f3n local. Con un enfoque en la poblaci\u00f3n hispana, La Casa ayuda a m\u00e1s de 20,000 personas y familias cada a\u00f1o a trav\u00e9s de una variedad de programas y servicios, que incluyen educaci\u00f3n infantil temprana, estabilidad financiera y servicios fiscales, apoyo para la compra de vivienda y m\u00e1s.<\/p><\/div><\/div><\/div><div class=\"wp-block-group alignfull is-style-logo-blue has-global-padding is-layout-constrained wp-block-group-is-layout-constrained\">\u00a0<\/div><\/div><\/div>\t\t\t\t\t\t\t\t<\/div>\n\t\t\t\t<\/div>\n\t\t\t\t<\/div>\n\t\t\t\t\t<\/div>\n\t\t\t\t<\/div>\n\t\t<div class=\"elementor-element elementor-element-cb5e73a e-flex e-con-boxed e-con e-parent\" data-id=\"cb5e73a\" data-element_type=\"container\" data-e-type=\"container\" data-settings=\"{&quot;background_background&quot;:&quot;classic&quot;}\">\n\t\t\t\t\t<div class=\"e-con-inner\">\n\t\t\t\t<div class=\"elementor-element elementor-element-72a7b4a elementor-widget elementor-widget-heading\" data-id=\"72a7b4a\" data-element_type=\"widget\" data-e-type=\"widget\" data-widget_type=\"heading.default\">\n\t\t\t\t\t<h2 class=\"elementor-heading-title elementor-size-default\">Nuestra historia<\/h2>\t\t\t\t<\/div>\n\t\t\t\t<div class=\"elementor-element elementor-element-97a176f elementor-widget__width-initial elementor-widget elementor-widget-text-editor\" data-id=\"97a176f\" data-element_type=\"widget\" data-e-type=\"widget\" data-widget_type=\"text-editor.default\">\n\t\t\t\t\t\t\t\t\t<div class=\"wp-block-group has-global-padding is-layout-constrained wp-container-core-group-is-layout-4b99461e wp-block-group-is-layout-constrained\"><div class=\"wp-block-group alignfull has-secondary-background-color has-background has-global-padding is-layout-constrained wp-container-core-group-is-layout-31c668df wp-block-group-is-layout-constrained\"><div class=\"wp-block-group alignfull has-global-padding is-layout-constrained wp-container-core-group-is-layout-9bb21028 wp-block-group-is-layout-constrained\"><div class=\"wp-block-columns alignwide is-layout-flex wp-container-core-columns-is-layout-28f84493 wp-block-columns-is-layout-flex\"><div class=\"wp-block-column is-layout-flow wp-block-column-is-layout-flow\"><p class=\"has-text-align-center\">Fundada en 1966, un grupo de ciudadanos preocupados se unieron para formar History Builders, Inc. La organizaci\u00f3n ahora se conoce como La Casa de Esperanza, Inc. Compraron una casa en la calle Ryan, desde donde llevaron a cabo el primer proyecto importante de la organizaci\u00f3n: un programa de guarder\u00eda.<\/p><\/div><\/div><\/div><\/div><\/div>\t\t\t\t\t\t\t\t<\/div>\n\t\t\t\t<div class=\"elementor-element elementor-element-a96a19b elementor-widget__width-initial elementor-widget elementor-widget-text-editor\" data-id=\"a96a19b\" data-element_type=\"widget\" data-e-type=\"widget\" data-widget_type=\"text-editor.default\">\n\t\t\t\t\t\t\t\t\t<div class=\"wp-block-group has-global-padding is-layout-constrained wp-container-core-group-is-layout-4b99461e wp-block-group-is-layout-constrained\"><div class=\"wp-block-group alignfull has-secondary-background-color has-background has-global-padding is-layout-constrained wp-container-core-group-is-layout-31c668df wp-block-group-is-layout-constrained\"><div class=\"wp-block-group alignfull has-global-padding is-layout-constrained wp-container-core-group-is-layout-9bb21028 wp-block-group-is-layout-constrained\"><div class=\"wp-block-columns alignwide is-layout-flex wp-container-core-columns-is-layout-28f84493 wp-block-columns-is-layout-flex\"><div class=\"wp-block-column is-layout-flow wp-block-column-is-layout-flow\"><p class=\"has-text-align-center\">En 1979, La Casa de Esperanza se traslad\u00f3 y ampli\u00f3 sus instalaciones f\u00edsicas en dos ocasiones. Primero se mud\u00f3 al 410 de Arcadian Avenue, que fue renovado para adaptarse a las necesidades administrativas y albergar un sal\u00f3n de clases multiuso. Luego se mud\u00f3 al edificio adyacente, que hoy alberga el Centro Comunitario de La Casa de Esperanza.<\/p><\/div><\/div><\/div><\/div><\/div>\t\t\t\t\t\t\t\t<\/div>\n\t\t\t\t<div class=\"elementor-element elementor-element-df0eb98 elementor-widget__width-initial elementor-widget elementor-widget-text-editor\" data-id=\"df0eb98\" data-element_type=\"widget\" data-e-type=\"widget\" data-widget_type=\"text-editor.default\">\n\t\t\t\t\t\t\t\t\t<div class=\"wp-block-group has-global-padding is-layout-constrained wp-container-core-group-is-layout-4b99461e wp-block-group-is-layout-constrained\"><div class=\"wp-block-group alignfull has-secondary-background-color has-background has-global-padding is-layout-constrained wp-container-core-group-is-layout-31c668df wp-block-group-is-layout-constrained\"><div class=\"wp-block-group alignfull has-global-padding is-layout-constrained wp-container-core-group-is-layout-9bb21028 wp-block-group-is-layout-constrained\"><div class=\"wp-block-columns alignwide is-layout-flex wp-container-core-columns-is-layout-28f84493 wp-block-columns-is-layout-flex\"><div class=\"wp-block-column is-layout-flow wp-block-column-is-layout-flow\"><p class=\"has-text-align-center\">En 1999, La Casa inici\u00f3 una campa\u00f1a de recaudaci\u00f3n de fondos para recaudar $2.3 millones con el fin de financiar la construcci\u00f3n del nuevo Centro Comunitario y de Desarrollo Infantil de la organizaci\u00f3n. Una vez alcanzado su objetivo, el nuevo centro abri\u00f3 sus puertas en mayo de 2001, lo que permiti\u00f3 a La Casa ampliar sus programas y perseguir sus objetivos con m\u00e1s determinaci\u00f3n que nunca.<\/p><\/div><\/div><\/div><\/div><\/div>\t\t\t\t\t\t\t\t<\/div>\n\t\t\t\t<div class=\"elementor-element elementor-element-c6fac41 elementor-widget__width-initial elementor-widget elementor-widget-text-editor\" data-id=\"c6fac41\" data-element_type=\"widget\" data-e-type=\"widget\" data-widget_type=\"text-editor.default\">\n\t\t\t\t\t\t\t\t\t<div class=\"wp-block-group has-global-padding is-layout-constrained wp-container-core-group-is-layout-4b99461e wp-block-group-is-layout-constrained\"><div class=\"wp-block-group alignfull has-secondary-background-color has-background has-global-padding is-layout-constrained wp-container-core-group-is-layout-31c668df wp-block-group-is-layout-constrained\"><div class=\"wp-block-group alignfull has-global-padding is-layout-constrained wp-container-core-group-is-layout-9bb21028 wp-block-group-is-layout-constrained\"><div class=\"wp-block-columns alignwide is-layout-flex wp-container-core-columns-is-layout-28f84493 wp-block-columns-is-layout-flex\"><div class=\"wp-block-column is-layout-flow wp-block-column-is-layout-flow\"><p class=\"has-text-align-center\">Hoy en d\u00eda, La Casa de Esperanza se enorgullece de la capacidad continua de la organizaci\u00f3n para establecer y mantener alianzas s\u00f3lidas y eficaces con otros colaboradores de la comunidad. Los socios comunitarios de La Casa son una parte fundamental del crecimiento y el \u00e9xito de la organizaci\u00f3n y sus programas.\u00a0<\/p><\/div><\/div><\/div><\/div><\/div>\t\t\t\t\t\t\t\t<\/div>\n\t\t\t\t\t<\/div>\n\t\t\t\t<\/div>\n\t\t<div class=\"elementor-element elementor-element-e1d69db e-flex e-con-boxed e-con e-parent\" data-id=\"e1d69db\" data-element_type=\"container\" data-e-type=\"container\">\n\t\t\t\t\t<div class=\"e-con-inner\">\n\t\t<div class=\"elementor-element elementor-element-4d729ad e-con-full e-flex e-con e-child\" data-id=\"4d729ad\" data-element_type=\"container\" data-e-type=\"container\" data-settings=\"{&quot;background_background&quot;:&quot;classic&quot;}\">\n\t\t\t\t<div class=\"elementor-element elementor-element-516b17f elementor-widget elementor-widget-heading\" data-id=\"516b17f\" data-element_type=\"widget\" data-e-type=\"widget\" data-widget_type=\"heading.default\">\n\t\t\t\t\t<h2 class=\"elementor-heading-title elementor-size-default\">Nuestra misi\u00f3n y visi\u00f3n<\/h2>\t\t\t\t<\/div>\n\t\t<div class=\"elementor-element elementor-element-d8cf438 e-con-full e-flex e-con e-child\" data-id=\"d8cf438\" data-element_type=\"container\" data-e-type=\"container\">\n\t\t<div class=\"elementor-element elementor-element-08885b0 e-con-full e-flex e-con e-child\" data-id=\"08885b0\" data-element_type=\"container\" data-e-type=\"container\">\n\t\t\t\t<div class=\"elementor-element elementor-element-87108aa elementor-widget elementor-widget-heading\" data-id=\"87108aa\" data-element_type=\"widget\" data-e-type=\"widget\" data-widget_type=\"heading.default\">\n\t\t\t\t\t<h3 class=\"elementor-heading-title elementor-size-default\">Declaraci\u00f3n de misi\u00f3n\n<\/h3>\t\t\t\t<\/div>\n\t\t\t\t<div class=\"elementor-element elementor-element-ed9eda7 elementor-widget elementor-widget-text-editor\" data-id=\"ed9eda7\" data-element_type=\"widget\" data-e-type=\"widget\" data-widget_type=\"text-editor.default\">\n\t\t\t\t\t\t\t\t\t<div class=\"wp-block-column is-layout-flow wp-block-column-is-layout-flow\"><p class=\"has-text-align-center\"><span data-olk-copy-source=\"MessageBody\">La Casa de Esperanza brinda oportunidades para la plena participaci\u00f3n social y econ\u00f3mica en la sociedad, atendiendo a todos los necesitados, con especial \u00e9nfasis en la comunidad hispana.<\/span><\/p><\/div><div class=\"wp-block-column is-layout-flow wp-block-column-is-layout-flow\">\u00a0<\/div>\t\t\t\t\t\t\t\t<\/div>\n\t\t\t\t<\/div>\n\t\t<div class=\"elementor-element elementor-element-3a233bb e-con-full e-flex e-con e-child\" data-id=\"3a233bb\" data-element_type=\"container\" data-e-type=\"container\">\n\t\t\t\t<div class=\"elementor-element elementor-element-de24801 elementor-widget elementor-widget-heading\" data-id=\"de24801\" data-element_type=\"widget\" data-e-type=\"widget\" data-widget_type=\"heading.default\">\n\t\t\t\t\t<h3 class=\"elementor-heading-title elementor-size-default\">Declaraci\u00f3n de visi\u00f3n\n<\/h3>\t\t\t\t<\/div>\n\t\t\t\t<div class=\"elementor-element elementor-element-4543dff elementor-widget elementor-widget-text-editor\" data-id=\"4543dff\" data-element_type=\"widget\" data-e-type=\"widget\" data-widget_type=\"text-editor.default\">\n\t\t\t\t\t\t\t\t\t<div class=\"wp-block-group alignwide has-global-padding is-layout-constrained wp-block-group-is-layout-constrained\"><div class=\"wp-block-group alignwide has-secondary-wash-background-color has-background has-global-padding is-layout-constrained wp-container-core-group-is-layout-0b2c3746 wp-block-group-is-layout-constrained\"><div class=\"wp-block-columns alignwide is-layout-flex wp-container-core-columns-is-layout-28f84493 wp-block-columns-is-layout-flex\"><div class=\"wp-block-column is-layout-flow wp-block-column-is-layout-flow\"><div class=\"wp-block-group alignwide has-global-padding is-layout-constrained wp-block-group-is-layout-constrained\"><div class=\"wp-block-group alignwide has-secondary-wash-background-color has-background has-global-padding is-layout-constrained wp-container-core-group-is-layout-0b2c3746 wp-block-group-is-layout-constrained\"><div class=\"wp-block-columns alignwide is-layout-flex wp-container-core-columns-is-layout-28f84493 wp-block-columns-is-layout-flex\"><div class=\"wp-block-column is-layout-flow wp-block-column-is-layout-flow\"><div><div><div><p>A resilient community where every person belongs, thrives, and builds a future of strength, purpose, and contribution.<\/p><\/div><\/div><\/div><\/div><\/div><\/div><\/div><\/div><\/div><\/div><\/div>\t\t\t\t\t\t\t\t<\/div>\n\t\t\t\t<\/div>\n\t\t\t\t<\/div>\n\t\t\t\t<\/div>\n\t\t\t\t\t<\/div>\n\t\t\t\t<\/div>\n\t\t<div class=\"elementor-element elementor-element-805e832 e-grid e-con-boxed e-con e-parent\" data-id=\"805e832\" data-element_type=\"container\" data-e-type=\"container\">\n\t\t\t\t\t<div class=\"e-con-inner\">\n\t\t<a class=\"elementor-element elementor-element-1935a32 e-con-full e-flex e-con e-child\" data-id=\"1935a32\" data-element_type=\"container\" data-e-type=\"container\" data-settings=\"{&quot;background_background&quot;:&quot;classic&quot;}\" href=\"\/es\/about-us\/boards\/\">\n\t\t\t\t<div class=\"elementor-element elementor-element-16bf935 elementor-view-default elementor-widget elementor-widget-icon\" data-id=\"16bf935\" data-element_type=\"widget\" data-e-type=\"widget\" data-widget_type=\"icon.default\">\n\t\t\t\t\t\t\t<div class=\"elementor-icon-wrapper\">\n\t\t\t<div class=\"elementor-icon\">\n\t\t\t<svg xmlns=\"http:\/\/www.w3.org\/2000\/svg\" id=\"Layer_1\" data-name=\"Layer 1\" viewbox=\"0 0 24 24\"><path d=\"M9.5,4.5c0-1.381,1.119-2.5,2.5-2.5s2.5,1.119,2.5,2.5-1.119,2.5-2.5,2.5-2.5-1.119-2.5-2.5Zm7.5,7.5v3c0,1.474-.81,2.75-2,3.444v4.556c0,.552-.448,1-1,1s-1-.448-1-1v-4h-2v4c0,.552-.448,1-1,1s-1-.448-1-1v-4.556c-1.19-.694-2-1.97-2-3.444v-3c0-2.206,1.794-4,4-4h2c2.206,0,4,1.794,4,4Zm-2,0c0-1.103-.897-2-2-2h-2c-1.103,0-2,.897-2,2v3c0,1.103,.897,2,2,2h2c1.103,0,2-.897,2-2v-3Zm4.5-7c1.381,0,2.5-1.119,2.5-2.5s-1.119-2.5-2.5-2.5-2.5,1.119-2.5,2.5,1.119,2.5,2.5,2.5Zm-15,0c1.381,0,2.5-1.119,2.5-2.5S5.881,0,4.5,0,2,1.119,2,2.5s1.119,2.5,2.5,2.5Zm1.834,1.229c-.428-.152-.876-.229-1.334-.229h-1C1.794,6,0,7.794,0,10v3c0,1.474,.81,2.75,2,3.444v4.556c0,.552,.448,1,1,1s1-.448,1-1v-4c.552,0,1-.448,1-1s-.448-1-1-1c-1.103,0-2-.897-2-2v-3c0-1.103,.897-2,2-2h1c.229,0,.454,.038,.666,.113,.523,.185,1.093-.088,1.277-.608,.185-.521-.087-1.092-.608-1.277Zm13.666-.229h-1c-.458,0-.907,.077-1.334,.229-.521,.185-.792,.756-.608,1.277,.185,.52,.752,.791,1.277,.608,.212-.075,.436-.113,.666-.113h1c1.103,0,2,.897,2,2v3c0,1.103-.897,2-2,2-.552,0-1,.448-1,1s.448,1,1,1v4c0,.552,.448,1,1,1s1-.448,1-1v-4.556c1.19-.694,2-1.97,2-3.444v-3c0-2.206-1.794-4-4-4Z\"><\/path><\/svg>\t\t\t<\/div>\n\t\t<\/div>\n\t\t\t\t\t\t<\/div>\n\t\t\t\t<div class=\"elementor-element elementor-element-70f81aa elementor-widget elementor-widget-heading\" data-id=\"70f81aa\" data-element_type=\"widget\" data-e-type=\"widget\" data-widget_type=\"heading.default\">\n\t\t\t\t\t<h3 class=\"elementor-heading-title elementor-size-default\">Tableros<\/h3>\t\t\t\t<\/div>\n\t\t\t\t<\/a>\n\t\t<a class=\"elementor-element elementor-element-d5f5de1 e-con-full e-flex e-con e-child\" data-id=\"d5f5de1\" data-element_type=\"container\" data-e-type=\"container\" data-settings=\"{&quot;background_background&quot;:&quot;classic&quot;}\" href=\"\/es\/about-us\/annual-report\/\">\n\t\t\t\t<div class=\"elementor-element elementor-element-187714a elementor-view-default elementor-widget elementor-widget-icon\" data-id=\"187714a\" data-element_type=\"widget\" data-e-type=\"widget\" data-widget_type=\"icon.default\">\n\t\t\t\t\t\t\t<div class=\"elementor-icon-wrapper\">\n\t\t\t<div class=\"elementor-icon\">\n\t\t\t<svg xmlns=\"http:\/\/www.w3.org\/2000\/svg\" id=\"Layer_1\" data-name=\"Layer 1\" viewbox=\"0 0 24 24\" width=\"512\" height=\"512\"><path d=\"M23,22H5a3,3,0,0,1-3-3V1A1,1,0,0,0,0,1V19a5.006,5.006,0,0,0,5,5H23a1,1,0,0,0,0-2Z\"><\/path><path d=\"M6,20a1,1,0,0,0,1-1V12a1,1,0,0,0-2,0v7A1,1,0,0,0,6,20Z\"><\/path><path d=\"M10,10v9a1,1,0,0,0,2,0V10a1,1,0,0,0-2,0Z\"><\/path><path d=\"M15,13v6a1,1,0,0,0,2,0V13a1,1,0,0,0-2,0Z\"><\/path><path d=\"M20,9V19a1,1,0,0,0,2,0V9a1,1,0,0,0-2,0Z\"><\/path><path d=\"M6,9a1,1,0,0,0,.707-.293l3.586-3.586a1.025,1.025,0,0,1,1.414,0l2.172,2.172a3,3,0,0,0,4.242,0l5.586-5.586A1,1,0,0,0,22.293.293L16.707,5.878a1,1,0,0,1-1.414,0L13.121,3.707a3,3,0,0,0-4.242,0L5.293,7.293A1,1,0,0,0,6,9Z\"><\/path><\/svg>\t\t\t<\/div>\n\t\t<\/div>\n\t\t\t\t\t\t<\/div>\n\t\t\t\t<div class=\"elementor-element elementor-element-8635b09 elementor-widget elementor-widget-heading\" data-id=\"8635b09\" data-element_type=\"widget\" data-e-type=\"widget\" data-widget_type=\"heading.default\">\n\t\t\t\t\t<h3 class=\"elementor-heading-title elementor-size-default\">Informes anuales<\/h3>\t\t\t\t<\/div>\n\t\t\t\t<\/a>\n\t\t\t\t\t<\/div>\n\t\t\t\t<\/div>\n\t\t\t\t<\/div>","protected":false},"excerpt":{"rendered":"<p>About Us Learn more about La Casa de Esperanza\u2019s history, mission, and vision. Who We Are La Casa de Esperanza is a community-based organization committed to providing social and economic opportunities for our local population. With a focus on the Hispanic population, La Casa assists more than 20,000 individuals and families annually through a variety [&hellip;]<\/p>","protected":false},"author":1,"featured_media":0,"parent":0,"menu_order":0,"comment_status":"closed","ping_status":"closed","template":"","meta":{"footnotes":""},"class_list":["post-120","page","type-page","status-publish","hentry"],"_links":{"self":[{"href":"https:\/\/www.lacasadeesperanza.org\/es\/wp-json\/wp\/v2\/pages\/120","targetHints":{"allow":["GET"]}}],"collection":[{"href":"https:\/\/www.lacasadeesperanza.org\/es\/wp-json\/wp\/v2\/pages"}],"about":[{"href":"https:\/\/www.lacasadeesperanza.org\/es\/wp-json\/wp\/v2\/types\/page"}],"author":[{"embeddable":true,"href":"https:\/\/www.lacasadeesperanza.org\/es\/wp-json\/wp\/v2\/users\/1"}],"replies":[{"embeddable":true,"href":"https:\/\/www.lacasadeesperanza.org\/es\/wp-json\/wp\/v2\/comments?post=120"}],"version-history":[{"count":0,"href":"https:\/\/www.lacasadeesperanza.org\/es\/wp-json\/wp\/v2\/pages\/120\/revisions"}],"wp:attachment":[{"href":"https:\/\/www.lacasadeesperanza.org\/es\/wp-json\/wp\/v2\/media?parent=120"}],"curies":[{"name":"wp","href":"https:\/\/api.w.org\/{rel}","templated":true}]}}